{"id":30461,"date":"2023-01-10T15:54:07","date_gmt":"2023-01-10T14:54:07","guid":{"rendered":"https:\/\/grisoni-vins.ch\/produit\/chasselas-non-filtre-2022\/"},"modified":"2026-04-01T10:12:53","modified_gmt":"2026-04-01T08:12:53","slug":"chasselas-non-filtre-2022","status":"publish","type":"product","link":"https:\/\/grisoni-vins.ch\/de\/produit\/chasselas-non-filtre-2022\/","title":{"rendered":"Chasselas Non Filtr\u00e9 2023"},"content":{"rendered":"","protected":false},"excerpt":{"rendered":"<p>Chasselas Non Filtr\u00e9, mill\u00e9sime 2023,\u00a0 Blanc Neuch\u00e2tel AOC<\/p>\n<p>&nbsp;<\/p>\n<p>Unser Botschafter des Januars begeistert mit seinem wunderbar frischen Gef\u00fchl den Kenner, der es kaum erwarten kann, den gerade geernteten Jahrgang zu entdecken. Genie\u00dfen Sie ihn als Aperitif, zu Fisch aus dem See, zu frischem und halbhartem K\u00e4se oder, warum nicht, zu einer exotischen Speise!<\/p>\n<p>&nbsp;<\/p>\n<p>Seine Haltbarkeit ist sehr gut und er kann noch mehrere Monate nach seiner Abf\u00fcllung genossen werden.<\/p>\n<p>&nbsp;<\/p>\n<p>Nein, Sie tr\u00e4umen nicht! Wir haben die Flaschen des Non Filtr\u00e9 nicht falsch etikettiert.<\/p>\n<p>Neuch\u00e2tel Vins et Terroir und die Neuenburger Winzer haben diese Aktion ins Leben gerufen, um zu betonen, wie wichtig es ist, eine Flasche Non Filtr\u00e9 vor dem \u00d6ffnen auf den Kopf zu stellen. Dieser Schritt, der dem gesunden Menschenverstand der reinen Genie\u00dfer zuwiderl\u00e4uft, ist unerl\u00e4sslich, um den Bodensatz wieder in die Schwebe zu bringen und dem Wein sein tr\u00fcbes Aussehen zu verleihen.<\/p>\n<p>Der Non Filtr\u00e9, seit 1975 eine typische Neuenburger Spezialit\u00e4t, ist der erste Schweizer Wein des Jahres. Nach einer kleinen Ernte und in Erwartung, seinen neuen Jahrgang anbieten zu k\u00f6nnen, lie\u00df Henri-Alexandre Godet einen unfiltrierten Chasselas von seinen Verwandten probieren. Da die positiven R\u00fcckmeldungen nicht lange auf sich warten lie\u00dfen, beschloss er, diesen Non Filtr\u00e9 auf den Markt zu bringen und Jahr f\u00fcr Jahr weiter zu produzieren. Um die Tradition fortzuf\u00fchren, sind die Neuenburger Weinbauern stolz darauf, diesen Wein ab dem dritten Mittwoch im Januar anzubieten, wie es ein kantonaler Erlass vorsieht.<\/p>\n","protected":false},"featured_media":30456,"template":"","meta":{"_monsterinsights_skip_tracking":false,"_monsterinsights_sitenote_active":false,"_monsterinsights_sitenote_note":"","_monsterinsights_sitenote_category":0},"product_cat":[37],"product_tag":[],"yoast_head":"<!-- This site is optimized with the Yoast SEO plugin v22.2 - https:\/\/yoast.com\/wordpress\/plugins\/seo\/ -->\n<title>Chasselas Non Filtr\u00e9 2023 - Domaine Grisoni<\/title>\n<meta name=\"description\" content=\"Chasselas non filtr\u00e9, une sp\u00e9cialit\u00e9 neuch\u00e2teloise. Un chasselas dans la fra\u00eecheur. Vin non filtr\u00e9. Domaine Grisoni \u00e0 Cressier.\" \/>\n<meta name=\"robots\" content=\"index, follow, max-snippet:-1, max-image-preview:large, max-video-preview:-1\" \/>\n<link rel=\"canonical\" href=\"https:\/\/grisoni-vins.ch\/de\/produit\/chasselas-non-filtre-2022\/\" \/>\n<meta property=\"og:locale\" content=\"de_DE\" \/>\n<meta property=\"og:type\" content=\"article\" \/>\n<meta property=\"og:title\" content=\"Chasselas Non Filtr\u00e9 2023 - Domaine Grisoni\" \/>\n<meta property=\"og:description\" content=\"Chasselas non filtr\u00e9, une sp\u00e9cialit\u00e9 neuch\u00e2teloise. Un chasselas dans la fra\u00eecheur. Vin non filtr\u00e9. Domaine Grisoni \u00e0 Cressier.\" \/>\n<meta property=\"og:url\" content=\"https:\/\/grisoni-vins.ch\/de\/produit\/chasselas-non-filtre-2022\/\" \/>\n<meta property=\"og:site_name\" content=\"Domaine Grisoni\" \/>\n<meta property=\"article:modified_time\" content=\"2026-04-01T08:12:53+00:00\" \/>\n<meta property=\"og:image\" content=\"https:\/\/grisoni-vins.ch\/wp-content\/uploads\/2023\/01\/NOF_Grisoni.ch_.jpg\" \/>\n\t<meta property=\"og:image:width\" content=\"480\" \/>\n\t<meta property=\"og:image:height\" content=\"709\" \/>\n\t<meta property=\"og:image:type\" content=\"image\/jpeg\" \/>\n<meta name=\"twitter:card\" content=\"summary_large_image\" \/>\n<meta name=\"twitter:label1\" content=\"Gesch\u00e4tzte Lesezeit\" \/>\n\t<meta name=\"twitter:data1\" content=\"1\u00a0Minute\" \/>\n<script type=\"application\/ld+json\" class=\"yoast-schema-graph\">{\"@context\":\"https:\/\/schema.org\",\"@graph\":[{\"@type\":\"WebPage\",\"@id\":\"https:\/\/grisoni-vins.ch\/de\/produit\/chasselas-non-filtre-2022\/\",\"url\":\"https:\/\/grisoni-vins.ch\/de\/produit\/chasselas-non-filtre-2022\/\",\"name\":\"Chasselas Non Filtr\u00e9 2023 - Domaine Grisoni\",\"isPartOf\":{\"@id\":\"https:\/\/grisoni-vins.ch\/de\/#website\"},\"primaryImageOfPage\":{\"@id\":\"https:\/\/grisoni-vins.ch\/de\/produit\/chasselas-non-filtre-2022\/#primaryimage\"},\"image\":{\"@id\":\"https:\/\/grisoni-vins.ch\/de\/produit\/chasselas-non-filtre-2022\/#primaryimage\"},\"thumbnailUrl\":\"https:\/\/grisoni-vins.ch\/wp-content\/uploads\/2023\/01\/NOF_Grisoni.ch_.jpg\",\"datePublished\":\"2023-01-10T14:54:07+00:00\",\"dateModified\":\"2026-04-01T08:12:53+00:00\",\"description\":\"Chasselas non filtr\u00e9, une sp\u00e9cialit\u00e9 neuch\u00e2teloise. Un chasselas dans la fra\u00eecheur. Vin non filtr\u00e9. Domaine Grisoni \u00e0 Cressier.\",\"breadcrumb\":{\"@id\":\"https:\/\/grisoni-vins.ch\/de\/produit\/chasselas-non-filtre-2022\/#breadcrumb\"},\"inLanguage\":\"de\",\"potentialAction\":[{\"@type\":\"ReadAction\",\"target\":[\"https:\/\/grisoni-vins.ch\/de\/produit\/chasselas-non-filtre-2022\/\"]}]},{\"@type\":\"ImageObject\",\"inLanguage\":\"de\",\"@id\":\"https:\/\/grisoni-vins.ch\/de\/produit\/chasselas-non-filtre-2022\/#primaryimage\",\"url\":\"https:\/\/grisoni-vins.ch\/wp-content\/uploads\/2023\/01\/NOF_Grisoni.ch_.jpg\",\"contentUrl\":\"https:\/\/grisoni-vins.ch\/wp-content\/uploads\/2023\/01\/NOF_Grisoni.ch_.jpg\",\"width\":480,\"height\":709,\"caption\":\"Non Filtr\u00e9\"},{\"@type\":\"BreadcrumbList\",\"@id\":\"https:\/\/grisoni-vins.ch\/de\/produit\/chasselas-non-filtre-2022\/#breadcrumb\",\"itemListElement\":[{\"@type\":\"ListItem\",\"position\":1,\"name\":\"Accueil\",\"item\":\"https:\/\/grisoni-vins.ch\/de\/\"},{\"@type\":\"ListItem\",\"position\":2,\"name\":\"Le Shop en ligne\",\"item\":\"https:\/\/grisoni-vins.ch\/shop-en-ligne\/\"},{\"@type\":\"ListItem\",\"position\":3,\"name\":\"Chasselas Non Filtr\u00e9 2023\"}]},{\"@type\":\"WebSite\",\"@id\":\"https:\/\/grisoni-vins.ch\/de\/#website\",\"url\":\"https:\/\/grisoni-vins.ch\/de\/\",\"name\":\"Domaine Grisoni\",\"description\":\"Vivre les vins d\u2019ici et d\u2019ailleurs\",\"publisher\":{\"@id\":\"https:\/\/grisoni-vins.ch\/de\/#organization\"},\"potentialAction\":[{\"@type\":\"SearchAction\",\"target\":{\"@type\":\"EntryPoint\",\"urlTemplate\":\"https:\/\/grisoni-vins.ch\/de\/?s={search_term_string}\"},\"query-input\":\"required name=search_term_string\"}],\"inLanguage\":\"de\"},{\"@type\":\"Organization\",\"@id\":\"https:\/\/grisoni-vins.ch\/de\/#organization\",\"name\":\"Domaine Grisoni SA\",\"url\":\"https:\/\/grisoni-vins.ch\/de\/\",\"logo\":{\"@type\":\"ImageObject\",\"inLanguage\":\"de\",\"@id\":\"https:\/\/grisoni-vins.ch\/de\/#\/schema\/logo\/image\/\",\"url\":\"https:\/\/grisoni-vins.ch\/wp-content\/uploads\/2020\/12\/Logo_domaine_grisoni_depuis_1973_EPS_moyen.jpg\",\"contentUrl\":\"https:\/\/grisoni-vins.ch\/wp-content\/uploads\/2020\/12\/Logo_domaine_grisoni_depuis_1973_EPS_moyen.jpg\",\"width\":350,\"height\":140,\"caption\":\"Domaine Grisoni SA\"},\"image\":{\"@id\":\"https:\/\/grisoni-vins.ch\/de\/#\/schema\/logo\/image\/\"},\"sameAs\":[\"https:\/\/www.instagram.com\/domainegrisoni\/\"]}]}<\/script>\n<!-- \/ Yoast SEO plugin. -->","yoast_head_json":{"title":"Chasselas Non Filtr\u00e9 2023 - Domaine Grisoni","description":"Chasselas non filtr\u00e9, une sp\u00e9cialit\u00e9 neuch\u00e2teloise. Un chasselas dans la fra\u00eecheur. Vin non filtr\u00e9. Domaine Grisoni \u00e0 Cressier.","robots":{"index":"index","follow":"follow","max-snippet":"max-snippet:-1","max-image-preview":"max-image-preview:large","max-video-preview":"max-video-preview:-1"},"canonical":"https:\/\/grisoni-vins.ch\/de\/produit\/chasselas-non-filtre-2022\/","og_locale":"de_DE","og_type":"article","og_title":"Chasselas Non Filtr\u00e9 2023 - Domaine Grisoni","og_description":"Chasselas non filtr\u00e9, une sp\u00e9cialit\u00e9 neuch\u00e2teloise. Un chasselas dans la fra\u00eecheur. Vin non filtr\u00e9. Domaine Grisoni \u00e0 Cressier.","og_url":"https:\/\/grisoni-vins.ch\/de\/produit\/chasselas-non-filtre-2022\/","og_site_name":"Domaine Grisoni","article_modified_time":"2026-04-01T08:12:53+00:00","og_image":[{"width":480,"height":709,"url":"https:\/\/grisoni-vins.ch\/wp-content\/uploads\/2023\/01\/NOF_Grisoni.ch_.jpg","type":"image\/jpeg"}],"twitter_card":"summary_large_image","twitter_misc":{"Gesch\u00e4tzte Lesezeit":"1\u00a0Minute"},"schema":{"@context":"https:\/\/schema.org","@graph":[{"@type":"WebPage","@id":"https:\/\/grisoni-vins.ch\/de\/produit\/chasselas-non-filtre-2022\/","url":"https:\/\/grisoni-vins.ch\/de\/produit\/chasselas-non-filtre-2022\/","name":"Chasselas Non Filtr\u00e9 2023 - Domaine Grisoni","isPartOf":{"@id":"https:\/\/grisoni-vins.ch\/de\/#website"},"primaryImageOfPage":{"@id":"https:\/\/grisoni-vins.ch\/de\/produit\/chasselas-non-filtre-2022\/#primaryimage"},"image":{"@id":"https:\/\/grisoni-vins.ch\/de\/produit\/chasselas-non-filtre-2022\/#primaryimage"},"thumbnailUrl":"https:\/\/grisoni-vins.ch\/wp-content\/uploads\/2023\/01\/NOF_Grisoni.ch_.jpg","datePublished":"2023-01-10T14:54:07+00:00","dateModified":"2026-04-01T08:12:53+00:00","description":"Chasselas non filtr\u00e9, une sp\u00e9cialit\u00e9 neuch\u00e2teloise. Un chasselas dans la fra\u00eecheur. Vin non filtr\u00e9. Domaine Grisoni \u00e0 Cressier.","breadcrumb":{"@id":"https:\/\/grisoni-vins.ch\/de\/produit\/chasselas-non-filtre-2022\/#breadcrumb"},"inLanguage":"de","potentialAction":[{"@type":"ReadAction","target":["https:\/\/grisoni-vins.ch\/de\/produit\/chasselas-non-filtre-2022\/"]}]},{"@type":"ImageObject","inLanguage":"de","@id":"https:\/\/grisoni-vins.ch\/de\/produit\/chasselas-non-filtre-2022\/#primaryimage","url":"https:\/\/grisoni-vins.ch\/wp-content\/uploads\/2023\/01\/NOF_Grisoni.ch_.jpg","contentUrl":"https:\/\/grisoni-vins.ch\/wp-content\/uploads\/2023\/01\/NOF_Grisoni.ch_.jpg","width":480,"height":709,"caption":"Non Filtr\u00e9"},{"@type":"BreadcrumbList","@id":"https:\/\/grisoni-vins.ch\/de\/produit\/chasselas-non-filtre-2022\/#breadcrumb","itemListElement":[{"@type":"ListItem","position":1,"name":"Accueil","item":"https:\/\/grisoni-vins.ch\/de\/"},{"@type":"ListItem","position":2,"name":"Le Shop en ligne","item":"https:\/\/grisoni-vins.ch\/shop-en-ligne\/"},{"@type":"ListItem","position":3,"name":"Chasselas Non Filtr\u00e9 2023"}]},{"@type":"WebSite","@id":"https:\/\/grisoni-vins.ch\/de\/#website","url":"https:\/\/grisoni-vins.ch\/de\/","name":"Domaine Grisoni","description":"Vivre les vins d\u2019ici et d\u2019ailleurs","publisher":{"@id":"https:\/\/grisoni-vins.ch\/de\/#organization"},"potentialAction":[{"@type":"SearchAction","target":{"@type":"EntryPoint","urlTemplate":"https:\/\/grisoni-vins.ch\/de\/?s={search_term_string}"},"query-input":"required name=search_term_string"}],"inLanguage":"de"},{"@type":"Organization","@id":"https:\/\/grisoni-vins.ch\/de\/#organization","name":"Domaine Grisoni SA","url":"https:\/\/grisoni-vins.ch\/de\/","logo":{"@type":"ImageObject","inLanguage":"de","@id":"https:\/\/grisoni-vins.ch\/de\/#\/schema\/logo\/image\/","url":"https:\/\/grisoni-vins.ch\/wp-content\/uploads\/2020\/12\/Logo_domaine_grisoni_depuis_1973_EPS_moyen.jpg","contentUrl":"https:\/\/grisoni-vins.ch\/wp-content\/uploads\/2020\/12\/Logo_domaine_grisoni_depuis_1973_EPS_moyen.jpg","width":350,"height":140,"caption":"Domaine Grisoni SA"},"image":{"@id":"https:\/\/grisoni-vins.ch\/de\/#\/schema\/logo\/image\/"},"sameAs":["https:\/\/www.instagram.com\/domainegrisoni\/"]}]}},"jetpack_sharing_enabled":true,"_links":{"self":[{"href":"https:\/\/grisoni-vins.ch\/de\/wp-json\/wp\/v2\/product\/30461"}],"collection":[{"href":"https:\/\/grisoni-vins.ch\/de\/wp-json\/wp\/v2\/product"}],"about":[{"href":"https:\/\/grisoni-vins.ch\/de\/wp-json\/wp\/v2\/types\/product"}],"wp:featuredmedia":[{"embeddable":true,"href":"https:\/\/grisoni-vins.ch\/de\/wp-json\/wp\/v2\/media\/30456"}],"wp:attachment":[{"href":"https:\/\/grisoni-vins.ch\/de\/wp-json\/wp\/v2\/media?parent=30461"}],"wp:term":[{"taxonomy":"product_cat","embeddable":true,"href":"https:\/\/grisoni-vins.ch\/de\/wp-json\/wp\/v2\/product_cat?post=30461"},{"taxonomy":"product_tag","embeddable":true,"href":"https:\/\/grisoni-vins.ch\/de\/wp-json\/wp\/v2\/product_tag?post=30461"}],"curies":[{"name":"wp","href":"https:\/\/api.w.org\/{rel}","templated":true}]}}