{"id":29620,"date":"2020-11-17T18:36:01","date_gmt":"2020-11-17T17:36:01","guid":{"rendered":"https:\/\/grisoni-vins.ch\/produit\/lhomme-chasselas\/"},"modified":"2023-01-06T10:42:06","modified_gmt":"2023-01-06T09:42:06","slug":"lhomme-chasselas","status":"publish","type":"product","link":"https:\/\/grisoni-vins.ch\/de\/produit\/lhomme-chasselas\/","title":{"rendered":"L&#8217;Homme &#8211; Chasselas"},"content":{"rendered":"","protected":false},"excerpt":{"rendered":"<p>Der Jahrgang 2021<\/p>\n<p>Dieser Chasselas zeigt feine Noten von Agrumen und weissen Bl\u00fcten. Ideal zum Ap\u00e9ritif, mit S\u00fcsswasserfisch oder K\u00e4se.<\/p>\n<p>Die Weinbereitung halten wir so traditionell und nat\u00fcrlich wie m\u00f6glich. So widerspiegelt der Wein unser \u00abTerroir\u00bb perfekt.<\/p>\n","protected":false},"featured_media":30144,"template":"","meta":{"_monsterinsights_skip_tracking":false,"_monsterinsights_sitenote_active":false,"_monsterinsights_sitenote_note":"","_monsterinsights_sitenote_category":0},"product_cat":[41,37],"product_tag":[],"yoast_head":"<!-- This site is optimized with the Yoast SEO plugin v22.2 - https:\/\/yoast.com\/wordpress\/plugins\/seo\/ -->\n<title>L&#039;Homme - Chasselas - Domaine Grisoni<\/title>\n<meta name=\"robots\" content=\"index, follow, max-snippet:-1, max-image-preview:large, max-video-preview:-1\" \/>\n<link rel=\"canonical\" href=\"https:\/\/grisoni-vins.ch\/de\/produit\/lhomme-chasselas\/\" \/>\n<meta property=\"og:locale\" content=\"de_DE\" \/>\n<meta property=\"og:type\" content=\"article\" \/>\n<meta property=\"og:title\" content=\"L&#039;Homme - Chasselas - Domaine Grisoni\" \/>\n<meta property=\"og:description\" content=\"Der Jahrgang 2021  Dieser Chasselas zeigt feine Noten von Agrumen und weissen Bl\u00fcten. Ideal zum Ap\u00e9ritif, mit S\u00fcsswasserfisch oder K\u00e4se.  Die Weinbereitung halten wir so traditionell und nat\u00fcrlich wie m\u00f6glich. So widerspiegelt der Wein unser \u00abTerroir\u00bb perfekt.\" \/>\n<meta property=\"og:url\" content=\"https:\/\/grisoni-vins.ch\/de\/produit\/lhomme-chasselas\/\" \/>\n<meta property=\"og:site_name\" content=\"Domaine Grisoni\" \/>\n<meta property=\"article:modified_time\" content=\"2023-01-06T09:42:06+00:00\" \/>\n<meta property=\"og:image\" content=\"https:\/\/grisoni-vins.ch\/wp-content\/uploads\/2020\/11\/HOMME-Blanc.png\" \/>\n\t<meta property=\"og:image:width\" content=\"800\" \/>\n\t<meta property=\"og:image:height\" content=\"1182\" \/>\n\t<meta property=\"og:image:type\" content=\"image\/png\" \/>\n<meta name=\"twitter:card\" content=\"summary_large_image\" \/>\n<script type=\"application\/ld+json\" class=\"yoast-schema-graph\">{\"@context\":\"https:\/\/schema.org\",\"@graph\":[{\"@type\":\"WebPage\",\"@id\":\"https:\/\/grisoni-vins.ch\/de\/produit\/lhomme-chasselas\/\",\"url\":\"https:\/\/grisoni-vins.ch\/de\/produit\/lhomme-chasselas\/\",\"name\":\"L'Homme - Chasselas - Domaine Grisoni\",\"isPartOf\":{\"@id\":\"https:\/\/grisoni-vins.ch\/de\/#website\"},\"primaryImageOfPage\":{\"@id\":\"https:\/\/grisoni-vins.ch\/de\/produit\/lhomme-chasselas\/#primaryimage\"},\"image\":{\"@id\":\"https:\/\/grisoni-vins.ch\/de\/produit\/lhomme-chasselas\/#primaryimage\"},\"thumbnailUrl\":\"https:\/\/grisoni-vins.ch\/wp-content\/uploads\/2020\/11\/HOMME-Blanc.png\",\"datePublished\":\"2020-11-17T17:36:01+00:00\",\"dateModified\":\"2023-01-06T09:42:06+00:00\",\"breadcrumb\":{\"@id\":\"https:\/\/grisoni-vins.ch\/de\/produit\/lhomme-chasselas\/#breadcrumb\"},\"inLanguage\":\"de\",\"potentialAction\":[{\"@type\":\"ReadAction\",\"target\":[\"https:\/\/grisoni-vins.ch\/de\/produit\/lhomme-chasselas\/\"]}]},{\"@type\":\"ImageObject\",\"inLanguage\":\"de\",\"@id\":\"https:\/\/grisoni-vins.ch\/de\/produit\/lhomme-chasselas\/#primaryimage\",\"url\":\"https:\/\/grisoni-vins.ch\/wp-content\/uploads\/2020\/11\/HOMME-Blanc.png\",\"contentUrl\":\"https:\/\/grisoni-vins.ch\/wp-content\/uploads\/2020\/11\/HOMME-Blanc.png\",\"width\":800,\"height\":1182},{\"@type\":\"BreadcrumbList\",\"@id\":\"https:\/\/grisoni-vins.ch\/de\/produit\/lhomme-chasselas\/#breadcrumb\",\"itemListElement\":[{\"@type\":\"ListItem\",\"position\":1,\"name\":\"Accueil\",\"item\":\"https:\/\/grisoni-vins.ch\/de\/\"},{\"@type\":\"ListItem\",\"position\":2,\"name\":\"Le Shop en ligne\",\"item\":\"https:\/\/grisoni-vins.ch\/shop-en-ligne\/\"},{\"@type\":\"ListItem\",\"position\":3,\"name\":\"L&rsquo;Homme &#8211; Chasselas\"}]},{\"@type\":\"WebSite\",\"@id\":\"https:\/\/grisoni-vins.ch\/de\/#website\",\"url\":\"https:\/\/grisoni-vins.ch\/de\/\",\"name\":\"Domaine Grisoni\",\"description\":\"Vivre les vins d\u2019ici et d\u2019ailleurs\",\"publisher\":{\"@id\":\"https:\/\/grisoni-vins.ch\/de\/#organization\"},\"potentialAction\":[{\"@type\":\"SearchAction\",\"target\":{\"@type\":\"EntryPoint\",\"urlTemplate\":\"https:\/\/grisoni-vins.ch\/de\/?s={search_term_string}\"},\"query-input\":\"required name=search_term_string\"}],\"inLanguage\":\"de\"},{\"@type\":\"Organization\",\"@id\":\"https:\/\/grisoni-vins.ch\/de\/#organization\",\"name\":\"Domaine Grisoni SA\",\"url\":\"https:\/\/grisoni-vins.ch\/de\/\",\"logo\":{\"@type\":\"ImageObject\",\"inLanguage\":\"de\",\"@id\":\"https:\/\/grisoni-vins.ch\/de\/#\/schema\/logo\/image\/\",\"url\":\"https:\/\/grisoni-vins.ch\/wp-content\/uploads\/2020\/12\/Logo_domaine_grisoni_depuis_1973_EPS_moyen.jpg\",\"contentUrl\":\"https:\/\/grisoni-vins.ch\/wp-content\/uploads\/2020\/12\/Logo_domaine_grisoni_depuis_1973_EPS_moyen.jpg\",\"width\":350,\"height\":140,\"caption\":\"Domaine Grisoni SA\"},\"image\":{\"@id\":\"https:\/\/grisoni-vins.ch\/de\/#\/schema\/logo\/image\/\"},\"sameAs\":[\"https:\/\/www.instagram.com\/domainegrisoni\/\"]}]}<\/script>\n<!-- \/ Yoast SEO plugin. -->","yoast_head_json":{"title":"L'Homme - Chasselas - Domaine Grisoni","robots":{"index":"index","follow":"follow","max-snippet":"max-snippet:-1","max-image-preview":"max-image-preview:large","max-video-preview":"max-video-preview:-1"},"canonical":"https:\/\/grisoni-vins.ch\/de\/produit\/lhomme-chasselas\/","og_locale":"de_DE","og_type":"article","og_title":"L'Homme - Chasselas - Domaine Grisoni","og_description":"Der Jahrgang 2021  Dieser Chasselas zeigt feine Noten von Agrumen und weissen Bl\u00fcten. Ideal zum Ap\u00e9ritif, mit S\u00fcsswasserfisch oder K\u00e4se.  Die Weinbereitung halten wir so traditionell und nat\u00fcrlich wie m\u00f6glich. So widerspiegelt der Wein unser \u00abTerroir\u00bb perfekt.","og_url":"https:\/\/grisoni-vins.ch\/de\/produit\/lhomme-chasselas\/","og_site_name":"Domaine Grisoni","article_modified_time":"2023-01-06T09:42:06+00:00","og_image":[{"width":800,"height":1182,"url":"https:\/\/grisoni-vins.ch\/wp-content\/uploads\/2020\/11\/HOMME-Blanc.png","type":"image\/png"}],"twitter_card":"summary_large_image","schema":{"@context":"https:\/\/schema.org","@graph":[{"@type":"WebPage","@id":"https:\/\/grisoni-vins.ch\/de\/produit\/lhomme-chasselas\/","url":"https:\/\/grisoni-vins.ch\/de\/produit\/lhomme-chasselas\/","name":"L'Homme - Chasselas - Domaine Grisoni","isPartOf":{"@id":"https:\/\/grisoni-vins.ch\/de\/#website"},"primaryImageOfPage":{"@id":"https:\/\/grisoni-vins.ch\/de\/produit\/lhomme-chasselas\/#primaryimage"},"image":{"@id":"https:\/\/grisoni-vins.ch\/de\/produit\/lhomme-chasselas\/#primaryimage"},"thumbnailUrl":"https:\/\/grisoni-vins.ch\/wp-content\/uploads\/2020\/11\/HOMME-Blanc.png","datePublished":"2020-11-17T17:36:01+00:00","dateModified":"2023-01-06T09:42:06+00:00","breadcrumb":{"@id":"https:\/\/grisoni-vins.ch\/de\/produit\/lhomme-chasselas\/#breadcrumb"},"inLanguage":"de","potentialAction":[{"@type":"ReadAction","target":["https:\/\/grisoni-vins.ch\/de\/produit\/lhomme-chasselas\/"]}]},{"@type":"ImageObject","inLanguage":"de","@id":"https:\/\/grisoni-vins.ch\/de\/produit\/lhomme-chasselas\/#primaryimage","url":"https:\/\/grisoni-vins.ch\/wp-content\/uploads\/2020\/11\/HOMME-Blanc.png","contentUrl":"https:\/\/grisoni-vins.ch\/wp-content\/uploads\/2020\/11\/HOMME-Blanc.png","width":800,"height":1182},{"@type":"BreadcrumbList","@id":"https:\/\/grisoni-vins.ch\/de\/produit\/lhomme-chasselas\/#breadcrumb","itemListElement":[{"@type":"ListItem","position":1,"name":"Accueil","item":"https:\/\/grisoni-vins.ch\/de\/"},{"@type":"ListItem","position":2,"name":"Le Shop en ligne","item":"https:\/\/grisoni-vins.ch\/shop-en-ligne\/"},{"@type":"ListItem","position":3,"name":"L&rsquo;Homme &#8211; Chasselas"}]},{"@type":"WebSite","@id":"https:\/\/grisoni-vins.ch\/de\/#website","url":"https:\/\/grisoni-vins.ch\/de\/","name":"Domaine Grisoni","description":"Vivre les vins d\u2019ici et d\u2019ailleurs","publisher":{"@id":"https:\/\/grisoni-vins.ch\/de\/#organization"},"potentialAction":[{"@type":"SearchAction","target":{"@type":"EntryPoint","urlTemplate":"https:\/\/grisoni-vins.ch\/de\/?s={search_term_string}"},"query-input":"required name=search_term_string"}],"inLanguage":"de"},{"@type":"Organization","@id":"https:\/\/grisoni-vins.ch\/de\/#organization","name":"Domaine Grisoni SA","url":"https:\/\/grisoni-vins.ch\/de\/","logo":{"@type":"ImageObject","inLanguage":"de","@id":"https:\/\/grisoni-vins.ch\/de\/#\/schema\/logo\/image\/","url":"https:\/\/grisoni-vins.ch\/wp-content\/uploads\/2020\/12\/Logo_domaine_grisoni_depuis_1973_EPS_moyen.jpg","contentUrl":"https:\/\/grisoni-vins.ch\/wp-content\/uploads\/2020\/12\/Logo_domaine_grisoni_depuis_1973_EPS_moyen.jpg","width":350,"height":140,"caption":"Domaine Grisoni SA"},"image":{"@id":"https:\/\/grisoni-vins.ch\/de\/#\/schema\/logo\/image\/"},"sameAs":["https:\/\/www.instagram.com\/domainegrisoni\/"]}]}},"jetpack_sharing_enabled":true,"_links":{"self":[{"href":"https:\/\/grisoni-vins.ch\/de\/wp-json\/wp\/v2\/product\/29620"}],"collection":[{"href":"https:\/\/grisoni-vins.ch\/de\/wp-json\/wp\/v2\/product"}],"about":[{"href":"https:\/\/grisoni-vins.ch\/de\/wp-json\/wp\/v2\/types\/product"}],"wp:featuredmedia":[{"embeddable":true,"href":"https:\/\/grisoni-vins.ch\/de\/wp-json\/wp\/v2\/media\/30144"}],"wp:attachment":[{"href":"https:\/\/grisoni-vins.ch\/de\/wp-json\/wp\/v2\/media?parent=29620"}],"wp:term":[{"taxonomy":"product_cat","embeddable":true,"href":"https:\/\/grisoni-vins.ch\/de\/wp-json\/wp\/v2\/product_cat?post=29620"},{"taxonomy":"product_tag","embeddable":true,"href":"https:\/\/grisoni-vins.ch\/de\/wp-json\/wp\/v2\/product_tag?post=29620"}],"curies":[{"name":"wp","href":"https:\/\/api.w.org\/{rel}","templated":true}]}}