{"id":29615,"date":"2020-11-18T16:56:15","date_gmt":"2020-11-18T15:56:15","guid":{"rendered":"https:\/\/grisoni-vins.ch\/produit\/pinot-noir-cuvee-st-louis-magnum-2018\/"},"modified":"2023-02-23T16:56:46","modified_gmt":"2023-02-23T15:56:46","slug":"pinot-noir-cuvee-st-louis-magnum-2021","status":"publish","type":"product","link":"https:\/\/grisoni-vins.ch\/de\/produit\/pinot-noir-cuvee-st-louis-magnum-2021\/","title":{"rendered":"Pinot Noir Cuv\u00e9e St-Louis &#8211; Magnum 2021"},"content":{"rendered":"","protected":false},"excerpt":{"rendered":"<p>Pinot Noir Cuv\u00e9e St-Louis, 2021, Pinot noir AOC Neuch\u00e2tel \u00e9lev\u00e9 en f\u00fbt de ch\u00eane.<\/p>\n","protected":false},"featured_media":29563,"template":"","meta":{"_monsterinsights_skip_tracking":false,"_monsterinsights_sitenote_active":false,"_monsterinsights_sitenote_note":"","_monsterinsights_sitenote_category":0},"product_cat":[42,39],"product_tag":[],"yoast_head":"<!-- This site is optimized with the Yoast SEO plugin v22.2 - https:\/\/yoast.com\/wordpress\/plugins\/seo\/ -->\n<title>Pinot Noir Cuv\u00e9e St-Louis - Magnum 2021 - Domaine Grisoni<\/title>\n<meta name=\"robots\" content=\"index, follow, max-snippet:-1, max-image-preview:large, max-video-preview:-1\" \/>\n<link rel=\"canonical\" href=\"https:\/\/grisoni-vins.ch\/de\/produit\/pinot-noir-cuvee-st-louis-magnum-2021\/\" \/>\n<meta property=\"og:locale\" content=\"de_DE\" \/>\n<meta property=\"og:type\" content=\"article\" \/>\n<meta property=\"og:title\" content=\"Pinot Noir Cuv\u00e9e St-Louis - Magnum 2021 - Domaine Grisoni\" \/>\n<meta property=\"og:description\" content=\"Pinot Noir Cuv\u00e9e St-Louis, 2021, Pinot noir AOC Neuch\u00e2tel \u00e9lev\u00e9 en f\u00fbt de ch\u00eane.\" \/>\n<meta property=\"og:url\" content=\"https:\/\/grisoni-vins.ch\/de\/produit\/pinot-noir-cuvee-st-louis-magnum-2021\/\" \/>\n<meta property=\"og:site_name\" content=\"Domaine Grisoni\" \/>\n<meta property=\"article:modified_time\" content=\"2023-02-23T15:56:46+00:00\" \/>\n<meta property=\"og:image\" content=\"https:\/\/grisoni-vins.ch\/wp-content\/uploads\/2020\/11\/St-Louis150cl_grisoni.ch_.png\" \/>\n\t<meta property=\"og:image:width\" content=\"800\" \/>\n\t<meta property=\"og:image:height\" content=\"1182\" \/>\n\t<meta property=\"og:image:type\" content=\"image\/png\" \/>\n<meta name=\"twitter:card\" content=\"summary_large_image\" \/>\n<script type=\"application\/ld+json\" class=\"yoast-schema-graph\">{\"@context\":\"https:\/\/schema.org\",\"@graph\":[{\"@type\":\"WebPage\",\"@id\":\"https:\/\/grisoni-vins.ch\/de\/produit\/pinot-noir-cuvee-st-louis-magnum-2021\/\",\"url\":\"https:\/\/grisoni-vins.ch\/de\/produit\/pinot-noir-cuvee-st-louis-magnum-2021\/\",\"name\":\"Pinot Noir Cuv\u00e9e St-Louis - Magnum 2021 - Domaine Grisoni\",\"isPartOf\":{\"@id\":\"https:\/\/grisoni-vins.ch\/de\/#website\"},\"primaryImageOfPage\":{\"@id\":\"https:\/\/grisoni-vins.ch\/de\/produit\/pinot-noir-cuvee-st-louis-magnum-2021\/#primaryimage\"},\"image\":{\"@id\":\"https:\/\/grisoni-vins.ch\/de\/produit\/pinot-noir-cuvee-st-louis-magnum-2021\/#primaryimage\"},\"thumbnailUrl\":\"https:\/\/grisoni-vins.ch\/wp-content\/uploads\/2020\/11\/St-Louis150cl_grisoni.ch_.png\",\"datePublished\":\"2020-11-18T15:56:15+00:00\",\"dateModified\":\"2023-02-23T15:56:46+00:00\",\"breadcrumb\":{\"@id\":\"https:\/\/grisoni-vins.ch\/de\/produit\/pinot-noir-cuvee-st-louis-magnum-2021\/#breadcrumb\"},\"inLanguage\":\"de\",\"potentialAction\":[{\"@type\":\"ReadAction\",\"target\":[\"https:\/\/grisoni-vins.ch\/de\/produit\/pinot-noir-cuvee-st-louis-magnum-2021\/\"]}]},{\"@type\":\"ImageObject\",\"inLanguage\":\"de\",\"@id\":\"https:\/\/grisoni-vins.ch\/de\/produit\/pinot-noir-cuvee-st-louis-magnum-2021\/#primaryimage\",\"url\":\"https:\/\/grisoni-vins.ch\/wp-content\/uploads\/2020\/11\/St-Louis150cl_grisoni.ch_.png\",\"contentUrl\":\"https:\/\/grisoni-vins.ch\/wp-content\/uploads\/2020\/11\/St-Louis150cl_grisoni.ch_.png\",\"width\":800,\"height\":1182,\"caption\":\"Pinot Noir Cuv\u00e9e St-Louis du Domaine Grisoni. Magnum mill\u00e9sime 2018.\"},{\"@type\":\"BreadcrumbList\",\"@id\":\"https:\/\/grisoni-vins.ch\/de\/produit\/pinot-noir-cuvee-st-louis-magnum-2021\/#breadcrumb\",\"itemListElement\":[{\"@type\":\"ListItem\",\"position\":1,\"name\":\"Accueil\",\"item\":\"https:\/\/grisoni-vins.ch\/de\/\"},{\"@type\":\"ListItem\",\"position\":2,\"name\":\"Le Shop en ligne\",\"item\":\"https:\/\/grisoni-vins.ch\/shop-en-ligne\/\"},{\"@type\":\"ListItem\",\"position\":3,\"name\":\"Pinot Noir Cuv\u00e9e St-Louis &#8211; Magnum 2021\"}]},{\"@type\":\"WebSite\",\"@id\":\"https:\/\/grisoni-vins.ch\/de\/#website\",\"url\":\"https:\/\/grisoni-vins.ch\/de\/\",\"name\":\"Domaine Grisoni\",\"description\":\"Vivre les vins d\u2019ici et d\u2019ailleurs\",\"publisher\":{\"@id\":\"https:\/\/grisoni-vins.ch\/de\/#organization\"},\"potentialAction\":[{\"@type\":\"SearchAction\",\"target\":{\"@type\":\"EntryPoint\",\"urlTemplate\":\"https:\/\/grisoni-vins.ch\/de\/?s={search_term_string}\"},\"query-input\":\"required name=search_term_string\"}],\"inLanguage\":\"de\"},{\"@type\":\"Organization\",\"@id\":\"https:\/\/grisoni-vins.ch\/de\/#organization\",\"name\":\"Domaine Grisoni SA\",\"url\":\"https:\/\/grisoni-vins.ch\/de\/\",\"logo\":{\"@type\":\"ImageObject\",\"inLanguage\":\"de\",\"@id\":\"https:\/\/grisoni-vins.ch\/de\/#\/schema\/logo\/image\/\",\"url\":\"https:\/\/grisoni-vins.ch\/wp-content\/uploads\/2020\/12\/Logo_domaine_grisoni_depuis_1973_EPS_moyen.jpg\",\"contentUrl\":\"https:\/\/grisoni-vins.ch\/wp-content\/uploads\/2020\/12\/Logo_domaine_grisoni_depuis_1973_EPS_moyen.jpg\",\"width\":350,\"height\":140,\"caption\":\"Domaine Grisoni SA\"},\"image\":{\"@id\":\"https:\/\/grisoni-vins.ch\/de\/#\/schema\/logo\/image\/\"},\"sameAs\":[\"https:\/\/www.instagram.com\/domainegrisoni\/\"]}]}<\/script>\n<!-- \/ Yoast SEO plugin. -->","yoast_head_json":{"title":"Pinot Noir Cuv\u00e9e St-Louis - Magnum 2021 - Domaine Grisoni","robots":{"index":"index","follow":"follow","max-snippet":"max-snippet:-1","max-image-preview":"max-image-preview:large","max-video-preview":"max-video-preview:-1"},"canonical":"https:\/\/grisoni-vins.ch\/de\/produit\/pinot-noir-cuvee-st-louis-magnum-2021\/","og_locale":"de_DE","og_type":"article","og_title":"Pinot Noir Cuv\u00e9e St-Louis - Magnum 2021 - Domaine Grisoni","og_description":"Pinot Noir Cuv\u00e9e St-Louis, 2021, Pinot noir AOC Neuch\u00e2tel \u00e9lev\u00e9 en f\u00fbt de ch\u00eane.","og_url":"https:\/\/grisoni-vins.ch\/de\/produit\/pinot-noir-cuvee-st-louis-magnum-2021\/","og_site_name":"Domaine Grisoni","article_modified_time":"2023-02-23T15:56:46+00:00","og_image":[{"width":800,"height":1182,"url":"https:\/\/grisoni-vins.ch\/wp-content\/uploads\/2020\/11\/St-Louis150cl_grisoni.ch_.png","type":"image\/png"}],"twitter_card":"summary_large_image","schema":{"@context":"https:\/\/schema.org","@graph":[{"@type":"WebPage","@id":"https:\/\/grisoni-vins.ch\/de\/produit\/pinot-noir-cuvee-st-louis-magnum-2021\/","url":"https:\/\/grisoni-vins.ch\/de\/produit\/pinot-noir-cuvee-st-louis-magnum-2021\/","name":"Pinot Noir Cuv\u00e9e St-Louis - Magnum 2021 - Domaine Grisoni","isPartOf":{"@id":"https:\/\/grisoni-vins.ch\/de\/#website"},"primaryImageOfPage":{"@id":"https:\/\/grisoni-vins.ch\/de\/produit\/pinot-noir-cuvee-st-louis-magnum-2021\/#primaryimage"},"image":{"@id":"https:\/\/grisoni-vins.ch\/de\/produit\/pinot-noir-cuvee-st-louis-magnum-2021\/#primaryimage"},"thumbnailUrl":"https:\/\/grisoni-vins.ch\/wp-content\/uploads\/2020\/11\/St-Louis150cl_grisoni.ch_.png","datePublished":"2020-11-18T15:56:15+00:00","dateModified":"2023-02-23T15:56:46+00:00","breadcrumb":{"@id":"https:\/\/grisoni-vins.ch\/de\/produit\/pinot-noir-cuvee-st-louis-magnum-2021\/#breadcrumb"},"inLanguage":"de","potentialAction":[{"@type":"ReadAction","target":["https:\/\/grisoni-vins.ch\/de\/produit\/pinot-noir-cuvee-st-louis-magnum-2021\/"]}]},{"@type":"ImageObject","inLanguage":"de","@id":"https:\/\/grisoni-vins.ch\/de\/produit\/pinot-noir-cuvee-st-louis-magnum-2021\/#primaryimage","url":"https:\/\/grisoni-vins.ch\/wp-content\/uploads\/2020\/11\/St-Louis150cl_grisoni.ch_.png","contentUrl":"https:\/\/grisoni-vins.ch\/wp-content\/uploads\/2020\/11\/St-Louis150cl_grisoni.ch_.png","width":800,"height":1182,"caption":"Pinot Noir Cuv\u00e9e St-Louis du Domaine Grisoni. Magnum mill\u00e9sime 2018."},{"@type":"BreadcrumbList","@id":"https:\/\/grisoni-vins.ch\/de\/produit\/pinot-noir-cuvee-st-louis-magnum-2021\/#breadcrumb","itemListElement":[{"@type":"ListItem","position":1,"name":"Accueil","item":"https:\/\/grisoni-vins.ch\/de\/"},{"@type":"ListItem","position":2,"name":"Le Shop en ligne","item":"https:\/\/grisoni-vins.ch\/shop-en-ligne\/"},{"@type":"ListItem","position":3,"name":"Pinot Noir Cuv\u00e9e St-Louis &#8211; Magnum 2021"}]},{"@type":"WebSite","@id":"https:\/\/grisoni-vins.ch\/de\/#website","url":"https:\/\/grisoni-vins.ch\/de\/","name":"Domaine Grisoni","description":"Vivre les vins d\u2019ici et d\u2019ailleurs","publisher":{"@id":"https:\/\/grisoni-vins.ch\/de\/#organization"},"potentialAction":[{"@type":"SearchAction","target":{"@type":"EntryPoint","urlTemplate":"https:\/\/grisoni-vins.ch\/de\/?s={search_term_string}"},"query-input":"required name=search_term_string"}],"inLanguage":"de"},{"@type":"Organization","@id":"https:\/\/grisoni-vins.ch\/de\/#organization","name":"Domaine Grisoni SA","url":"https:\/\/grisoni-vins.ch\/de\/","logo":{"@type":"ImageObject","inLanguage":"de","@id":"https:\/\/grisoni-vins.ch\/de\/#\/schema\/logo\/image\/","url":"https:\/\/grisoni-vins.ch\/wp-content\/uploads\/2020\/12\/Logo_domaine_grisoni_depuis_1973_EPS_moyen.jpg","contentUrl":"https:\/\/grisoni-vins.ch\/wp-content\/uploads\/2020\/12\/Logo_domaine_grisoni_depuis_1973_EPS_moyen.jpg","width":350,"height":140,"caption":"Domaine Grisoni SA"},"image":{"@id":"https:\/\/grisoni-vins.ch\/de\/#\/schema\/logo\/image\/"},"sameAs":["https:\/\/www.instagram.com\/domainegrisoni\/"]}]}},"jetpack_sharing_enabled":true,"_links":{"self":[{"href":"https:\/\/grisoni-vins.ch\/de\/wp-json\/wp\/v2\/product\/29615"}],"collection":[{"href":"https:\/\/grisoni-vins.ch\/de\/wp-json\/wp\/v2\/product"}],"about":[{"href":"https:\/\/grisoni-vins.ch\/de\/wp-json\/wp\/v2\/types\/product"}],"wp:featuredmedia":[{"embeddable":true,"href":"https:\/\/grisoni-vins.ch\/de\/wp-json\/wp\/v2\/media\/29563"}],"wp:attachment":[{"href":"https:\/\/grisoni-vins.ch\/de\/wp-json\/wp\/v2\/media?parent=29615"}],"wp:term":[{"taxonomy":"product_cat","embeddable":true,"href":"https:\/\/grisoni-vins.ch\/de\/wp-json\/wp\/v2\/product_cat?post=29615"},{"taxonomy":"product_tag","embeddable":true,"href":"https:\/\/grisoni-vins.ch\/de\/wp-json\/wp\/v2\/product_tag?post=29615"}],"curies":[{"name":"wp","href":"https:\/\/api.w.org\/{rel}","templated":true}]}}