{"id":29708,"date":"2020-12-01T18:47:32","date_gmt":"2020-12-01T17:47:32","guid":{"rendered":"https:\/\/grisoni-vins.ch\/lhomme\/"},"modified":"2021-01-26T11:17:05","modified_gmt":"2021-01-26T10:17:05","slug":"lhomme","status":"publish","type":"page","link":"https:\/\/grisoni-vins.ch\/de\/lhomme\/","title":{"rendered":"L&#8217;Homme"},"content":{"rendered":"<p>[vc_row equal_height=&#8220;yes&#8220; row_content_width=&#8220;grid&#8220;][vc_column]<div class=\"qodef-shortcode qodef-m  qodef-section-title qodef-alignment--left \">\n\t\t<h3 class=\"qodef-m-title\" >\n\t\tL'Homme - Cuv\u00e9e participative\t\t<\/h3>\n\t\t<p class=\"qodef-m-subtitle\" >Engageons-nous pour soutenir nos racines!<\/p>\n\t<\/div>[vc_column_text]Unsere \u00ab Cuv\u00e9e participative \u00bb ist eine Hommage an die Traubenlieferanten der Domaine Grisoni. Es ist ein Dank an all jene Frauen und M\u00e4nner, die \u00fcber Generationen die Weinbaulandschaft zwischen den beiden Seen pflegen, pr\u00e4gen und gestalten. Dieser Wein wird ausschliesslich aus ihren Trauben gekeltert. Sie sind die Menschen auf dem Weinetikett.<\/p>\n<p>Um das \u00abTerroir\u00bb perfekt zum Ausdruck zu bringen, werden die Weine sehr traditionell und sehr sorgsam vinifiziert.[\/vc_column_text][vc_empty_space height=&#8220;100px&#8220;][\/vc_column][\/vc_row][vc_row equal_height=&#8220;yes&#8220; row_content_width=&#8220;grid&#8220;][vc_column width=&#8220;4\/5&#8243;]<p class=\"qodef-shortcode qodef-m  qodef-custom-font qodef-custom-font-4545 qodef-layout--simple\" style=\"color: #af0130;font-family: Dawning of a New Day;font-size: 33px;line-height: 56px\">``La vigne c'est l'\u00e9nergie`` Gerlinde Schatzmayer<\/p><p class=\"qodef-shortcode qodef-m  qodef-custom-font qodef-custom-font-1868 qodef-layout--simple\" style=\"color: #af0130;font-family: Dawning of a New Day;font-size: 33px;line-height: 56px\">``La vigne c\u2019est le bonheur`` Fran\u00e7ois Droz<\/p><p class=\"qodef-shortcode qodef-m  qodef-custom-font qodef-custom-font-561 qodef-layout--simple\" style=\"color: #af0130;font-family: Dawning of a New Day;font-size: 33px;line-height: 56px\">``La vie, la vigne, c\u2019est la m\u00eame chose : que du bonheur`` Raymond Fuchs<\/p><p class=\"qodef-shortcode qodef-m  qodef-custom-font qodef-custom-font-9250 qodef-layout--simple\" style=\"color: #af0130;font-family: Dawning of a New Day;font-size: 33px;line-height: 56px\">``Femme et vigne, c\u2019est le bonheur ou la guigne`` Maurice Mallet<\/p>[\/vc_column][vc_column width=&#8220;1\/5&#8243;]<div class=\"qodef-shortcode qodef-m  qodef-image-with-text qodef-layout--text-below\">\n\t<div class=\"qodef-m-image\">\n\t\t\t\t<img decoding=\"async\" width=\"572\" height=\"762\" src=\"https:\/\/grisoni-vins.ch\/wp-content\/uploads\/2020\/11\/Visages_Chasselas.png\" class=\"attachment-full size-full\" alt=\"\" srcset=\"https:\/\/grisoni-vins.ch\/wp-content\/uploads\/2020\/11\/Visages_Chasselas.png 572w, https:\/\/grisoni-vins.ch\/wp-content\/uploads\/2020\/11\/Visages_Chasselas-225x300.png 225w, https:\/\/grisoni-vins.ch\/wp-content\/uploads\/2020\/11\/Visages_Chasselas-500x666.png 500w\" sizes=\"(max-width: 572px) 100vw, 572px\" \/>\t\t\t<\/div>\t<div class=\"qodef-m-content\">\n\t\t\t\t\t<\/div>\n<\/div>[vc_empty_space height=&#8220;60&#8243;][\/vc_column][\/vc_row][vc_row equal_height=&#8220;yes&#8220; row_content_width=&#8220;grid&#8220; content_text_alignment=&#8220;right&#8220;][vc_column width=&#8220;1\/5&#8243;]<div class=\"qodef-shortcode qodef-m  qodef-image-with-text qodef-layout--text-below\">\n\t<div class=\"qodef-m-image\">\n\t\t\t\t<img decoding=\"async\" width=\"574\" height=\"760\" src=\"https:\/\/grisoni-vins.ch\/wp-content\/uploads\/2020\/11\/Visages_Oeil-de-Perdrix.png\" class=\"attachment-full size-full\" alt=\"\" srcset=\"https:\/\/grisoni-vins.ch\/wp-content\/uploads\/2020\/11\/Visages_Oeil-de-Perdrix.png 574w, https:\/\/grisoni-vins.ch\/wp-content\/uploads\/2020\/11\/Visages_Oeil-de-Perdrix-227x300.png 227w, https:\/\/grisoni-vins.ch\/wp-content\/uploads\/2020\/11\/Visages_Oeil-de-Perdrix-500x662.png 500w\" sizes=\"(max-width: 574px) 100vw, 574px\" \/>\t\t\t<\/div>\t<div class=\"qodef-m-content\">\n\t\t\t\t\t<\/div>\n<\/div>[vc_empty_space height=&#8220;60&#8243;][\/vc_column][vc_column width=&#8220;4\/5&#8243;]<p class=\"qodef-shortcode qodef-m  qodef-custom-font qodef-custom-font-7820 qodef-layout--simple\" style=\"color: #af0130;font-family: Dawning of a New Day;font-size: 33px;line-height: 56px\">`` La vigne c\u2019est tout. Si on enl\u00e8ve les vignes on meurt`` C\u00e9drix Banderet<\/p><p class=\"qodef-shortcode qodef-m  qodef-custom-font qodef-custom-font-3257 qodef-layout--simple\" style=\"color: #af0130;font-family: Dawning of a New Day;font-size: 33px;line-height: 56px\">``La vigne c\u2019est la pr\u00e9cision`` Fran\u00e7ine D\u00e9crevel<\/p><p class=\"qodef-shortcode qodef-m  qodef-custom-font qodef-custom-font-2096 qodef-layout--simple\" style=\"color: #af0130;font-family: Dawning of a New Day;font-size: 33px;line-height: 56px\">``La vigne c\u2019est une longue histoire, une histoire de famille `` V\u00e9ronique Uldry<\/p><p class=\"qodef-shortcode qodef-m  qodef-custom-font qodef-custom-font-8138 qodef-layout--simple\" style=\"color: #af0130;font-family: Dawning of a New Day;font-size: 33px;line-height: 56px\">``La vigne c\u2019est comme les femmes`` Claude Weissbrodt<\/p>[\/vc_column][\/vc_row][vc_row equal_height=&#8220;yes&#8220; row_content_width=&#8220;grid&#8220;][vc_column width=&#8220;4\/5&#8243;]<p class=\"qodef-shortcode qodef-m  qodef-custom-font qodef-custom-font-9749 qodef-layout--simple\" style=\"color: #af0130;font-family: Dawning of a New Day;font-size: 33px;line-height: 56px\">``Les vignes sont un encrage \u00e0 la r\u00e9alit\u00e9`` Jean-Luc D\u00e9crevel<\/p><p class=\"qodef-shortcode qodef-m  qodef-custom-font qodef-custom-font-4732 qodef-layout--simple\" style=\"color: #af0130;font-family: Dawning of a New Day;font-size: 33px;line-height: 56px\">``Je vis les vignes`` Fahri Ramqaj<\/p><p class=\"qodef-shortcode qodef-m  qodef-custom-font qodef-custom-font-952 qodef-layout--simple\" style=\"color: #af0130;font-family: Dawning of a New Day;font-size: 33px;line-height: 56px\">``La vigne c'est une passion, une continuit\u00e9 par rapport \u00e0 la famille`` Isabelle B\u00fchler<\/p><p class=\"qodef-shortcode qodef-m  qodef-custom-font qodef-custom-font-5788 qodef-layout--simple\" style=\"color: #af0130;font-family: Dawning of a New Day;font-size: 33px;line-height: 56px\">``Les vignes c\u2019est l\u2019ind\u00e9pendance et la nature`` C\u00e9drix Banderet<\/p>[\/vc_column][vc_column width=&#8220;1\/5&#8243;]<div class=\"qodef-shortcode qodef-m  qodef-image-with-text qodef-layout--text-below\">\n\t<div class=\"qodef-m-image\">\n\t\t\t\t<img decoding=\"async\" width=\"572\" height=\"764\" src=\"https:\/\/grisoni-vins.ch\/wp-content\/uploads\/2020\/11\/Visages-Pinot-Noir.png\" class=\"attachment-full size-full\" alt=\"\" srcset=\"https:\/\/grisoni-vins.ch\/wp-content\/uploads\/2020\/11\/Visages-Pinot-Noir.png 572w, https:\/\/grisoni-vins.ch\/wp-content\/uploads\/2020\/11\/Visages-Pinot-Noir-225x300.png 225w, https:\/\/grisoni-vins.ch\/wp-content\/uploads\/2020\/11\/Visages-Pinot-Noir-500x668.png 500w\" sizes=\"(max-width: 572px) 100vw, 572px\" \/>\t\t\t<\/div>\t<div class=\"qodef-m-content\">\n\t\t\t\t\t<\/div>\n<\/div>[vc_empty_space height=&#8220;60&#8243;][\/vc_column][\/vc_row][vc_row equal_height=&#8220;yes&#8220; row_content_width=&#8220;grid&#8220;][vc_column]<div class=\"qodef-shortcode qodef-m  qodef-section-title qodef-alignment--center \">\n\t\t<h2 class=\"qodef-m-title\" >\n\t\t``Le Terroir c'est l'Homme``\t\t<\/h2>\n\t\t<\/div>[vc_empty_space height=&#8220;100px&#8220;]<div class=\"qodef-shortcode qodef-m  qodef-image-with-text qodef-layout--text-below\">\n\t<div class=\"qodef-m-image\">\n\t\t\t\t\t\t\t<\/div>\t<div class=\"qodef-m-content\">\n\t\t\t\t\t<\/div>\n<\/div>[\/vc_column][\/vc_row]<\/p>\n","protected":false},"excerpt":{"rendered":"<p>[vc_row equal_height=&#8220;yes&#8220; row_content_width=&#8220;grid&#8220;][vc_column][vc_column_text]Unsere \u00ab Cuv\u00e9e participative \u00bb ist eine Hommage an die Traubenlieferanten der Domaine Grisoni. Es ist ein Dank an all jene Frauen und M\u00e4nner, die \u00fcber Generationen die Weinbaulandschaft zwischen den beiden Seen pflegen, pr\u00e4gen und gestalten. Dieser Wein wird ausschliesslich aus ihren Trauben gekeltert. Sie sind die Menschen auf dem Weinetikett. Um [&hellip;]<\/p>\n","protected":false},"author":1,"featured_media":0,"parent":0,"menu_order":0,"comment_status":"closed","ping_status":"closed","template":"page-full-width.php","meta":{"_monsterinsights_skip_tracking":false,"_monsterinsights_sitenote_active":false,"_monsterinsights_sitenote_note":"","_monsterinsights_sitenote_category":0,"footnotes":""},"yoast_head":"<!-- This site is optimized with the Yoast SEO plugin v22.2 - https:\/\/yoast.com\/wordpress\/plugins\/seo\/ -->\n<title>L&#039;Homme - Domaine Grisoni<\/title>\n<meta name=\"robots\" content=\"index, follow, max-snippet:-1, max-image-preview:large, max-video-preview:-1\" \/>\n<link rel=\"canonical\" href=\"https:\/\/grisoni-vins.ch\/de\/lhomme\/\" \/>\n<meta property=\"og:locale\" content=\"de_DE\" \/>\n<meta property=\"og:type\" content=\"article\" \/>\n<meta property=\"og:title\" content=\"L&#039;Homme - Domaine Grisoni\" \/>\n<meta property=\"og:description\" content=\"[vc_row equal_height=&#8220;yes&#8220; row_content_width=&#8220;grid&#8220;][vc_column][vc_column_text]Unsere \u00ab Cuv\u00e9e participative \u00bb ist eine Hommage an die Traubenlieferanten der Domaine Grisoni. Es ist ein Dank an all jene Frauen und M\u00e4nner, die \u00fcber Generationen die Weinbaulandschaft zwischen den beiden Seen pflegen, pr\u00e4gen und gestalten. Dieser Wein wird ausschliesslich aus ihren Trauben gekeltert. Sie sind die Menschen auf dem Weinetikett. Um [&hellip;]\" \/>\n<meta property=\"og:url\" content=\"https:\/\/grisoni-vins.ch\/de\/lhomme\/\" \/>\n<meta property=\"og:site_name\" content=\"Domaine Grisoni\" \/>\n<meta property=\"article:modified_time\" content=\"2021-01-26T10:17:05+00:00\" \/>\n<meta name=\"twitter:card\" content=\"summary_large_image\" \/>\n<meta name=\"twitter:label1\" content=\"Gesch\u00e4tzte Lesezeit\" \/>\n\t<meta name=\"twitter:data1\" content=\"4\u00a0Minuten\" \/>\n<script type=\"application\/ld+json\" class=\"yoast-schema-graph\">{\"@context\":\"https:\/\/schema.org\",\"@graph\":[{\"@type\":\"WebPage\",\"@id\":\"https:\/\/grisoni-vins.ch\/de\/lhomme\/\",\"url\":\"https:\/\/grisoni-vins.ch\/de\/lhomme\/\",\"name\":\"L'Homme - Domaine Grisoni\",\"isPartOf\":{\"@id\":\"https:\/\/grisoni-vins.ch\/de\/#website\"},\"datePublished\":\"2020-12-01T17:47:32+00:00\",\"dateModified\":\"2021-01-26T10:17:05+00:00\",\"breadcrumb\":{\"@id\":\"https:\/\/grisoni-vins.ch\/de\/lhomme\/#breadcrumb\"},\"inLanguage\":\"de\",\"potentialAction\":[{\"@type\":\"ReadAction\",\"target\":[\"https:\/\/grisoni-vins.ch\/de\/lhomme\/\"]}]},{\"@type\":\"BreadcrumbList\",\"@id\":\"https:\/\/grisoni-vins.ch\/de\/lhomme\/#breadcrumb\",\"itemListElement\":[{\"@type\":\"ListItem\",\"position\":1,\"name\":\"Accueil\",\"item\":\"https:\/\/grisoni-vins.ch\/de\/\"},{\"@type\":\"ListItem\",\"position\":2,\"name\":\"L&#8217;Homme\"}]},{\"@type\":\"WebSite\",\"@id\":\"https:\/\/grisoni-vins.ch\/de\/#website\",\"url\":\"https:\/\/grisoni-vins.ch\/de\/\",\"name\":\"Domaine Grisoni\",\"description\":\"Vivre les vins d\u2019ici et d\u2019ailleurs\",\"publisher\":{\"@id\":\"https:\/\/grisoni-vins.ch\/de\/#organization\"},\"potentialAction\":[{\"@type\":\"SearchAction\",\"target\":{\"@type\":\"EntryPoint\",\"urlTemplate\":\"https:\/\/grisoni-vins.ch\/de\/?s={search_term_string}\"},\"query-input\":\"required name=search_term_string\"}],\"inLanguage\":\"de\"},{\"@type\":\"Organization\",\"@id\":\"https:\/\/grisoni-vins.ch\/de\/#organization\",\"name\":\"Domaine Grisoni SA\",\"url\":\"https:\/\/grisoni-vins.ch\/de\/\",\"logo\":{\"@type\":\"ImageObject\",\"inLanguage\":\"de\",\"@id\":\"https:\/\/grisoni-vins.ch\/de\/#\/schema\/logo\/image\/\",\"url\":\"https:\/\/grisoni-vins.ch\/wp-content\/uploads\/2020\/12\/Logo_domaine_grisoni_depuis_1973_EPS_moyen.jpg\",\"contentUrl\":\"https:\/\/grisoni-vins.ch\/wp-content\/uploads\/2020\/12\/Logo_domaine_grisoni_depuis_1973_EPS_moyen.jpg\",\"width\":350,\"height\":140,\"caption\":\"Domaine Grisoni SA\"},\"image\":{\"@id\":\"https:\/\/grisoni-vins.ch\/de\/#\/schema\/logo\/image\/\"},\"sameAs\":[\"https:\/\/www.instagram.com\/domainegrisoni\/\"]}]}<\/script>\n<!-- \/ Yoast SEO plugin. -->","yoast_head_json":{"title":"L'Homme - Domaine Grisoni","robots":{"index":"index","follow":"follow","max-snippet":"max-snippet:-1","max-image-preview":"max-image-preview:large","max-video-preview":"max-video-preview:-1"},"canonical":"https:\/\/grisoni-vins.ch\/de\/lhomme\/","og_locale":"de_DE","og_type":"article","og_title":"L'Homme - Domaine Grisoni","og_description":"[vc_row equal_height=&#8220;yes&#8220; row_content_width=&#8220;grid&#8220;][vc_column][vc_column_text]Unsere \u00ab Cuv\u00e9e participative \u00bb ist eine Hommage an die Traubenlieferanten der Domaine Grisoni. Es ist ein Dank an all jene Frauen und M\u00e4nner, die \u00fcber Generationen die Weinbaulandschaft zwischen den beiden Seen pflegen, pr\u00e4gen und gestalten. Dieser Wein wird ausschliesslich aus ihren Trauben gekeltert. Sie sind die Menschen auf dem Weinetikett. Um [&hellip;]","og_url":"https:\/\/grisoni-vins.ch\/de\/lhomme\/","og_site_name":"Domaine Grisoni","article_modified_time":"2021-01-26T10:17:05+00:00","twitter_card":"summary_large_image","twitter_misc":{"Gesch\u00e4tzte Lesezeit":"4\u00a0Minuten"},"schema":{"@context":"https:\/\/schema.org","@graph":[{"@type":"WebPage","@id":"https:\/\/grisoni-vins.ch\/de\/lhomme\/","url":"https:\/\/grisoni-vins.ch\/de\/lhomme\/","name":"L'Homme - Domaine Grisoni","isPartOf":{"@id":"https:\/\/grisoni-vins.ch\/de\/#website"},"datePublished":"2020-12-01T17:47:32+00:00","dateModified":"2021-01-26T10:17:05+00:00","breadcrumb":{"@id":"https:\/\/grisoni-vins.ch\/de\/lhomme\/#breadcrumb"},"inLanguage":"de","potentialAction":[{"@type":"ReadAction","target":["https:\/\/grisoni-vins.ch\/de\/lhomme\/"]}]},{"@type":"BreadcrumbList","@id":"https:\/\/grisoni-vins.ch\/de\/lhomme\/#breadcrumb","itemListElement":[{"@type":"ListItem","position":1,"name":"Accueil","item":"https:\/\/grisoni-vins.ch\/de\/"},{"@type":"ListItem","position":2,"name":"L&#8217;Homme"}]},{"@type":"WebSite","@id":"https:\/\/grisoni-vins.ch\/de\/#website","url":"https:\/\/grisoni-vins.ch\/de\/","name":"Domaine Grisoni","description":"Vivre les vins d\u2019ici et d\u2019ailleurs","publisher":{"@id":"https:\/\/grisoni-vins.ch\/de\/#organization"},"potentialAction":[{"@type":"SearchAction","target":{"@type":"EntryPoint","urlTemplate":"https:\/\/grisoni-vins.ch\/de\/?s={search_term_string}"},"query-input":"required name=search_term_string"}],"inLanguage":"de"},{"@type":"Organization","@id":"https:\/\/grisoni-vins.ch\/de\/#organization","name":"Domaine Grisoni SA","url":"https:\/\/grisoni-vins.ch\/de\/","logo":{"@type":"ImageObject","inLanguage":"de","@id":"https:\/\/grisoni-vins.ch\/de\/#\/schema\/logo\/image\/","url":"https:\/\/grisoni-vins.ch\/wp-content\/uploads\/2020\/12\/Logo_domaine_grisoni_depuis_1973_EPS_moyen.jpg","contentUrl":"https:\/\/grisoni-vins.ch\/wp-content\/uploads\/2020\/12\/Logo_domaine_grisoni_depuis_1973_EPS_moyen.jpg","width":350,"height":140,"caption":"Domaine Grisoni SA"},"image":{"@id":"https:\/\/grisoni-vins.ch\/de\/#\/schema\/logo\/image\/"},"sameAs":["https:\/\/www.instagram.com\/domainegrisoni\/"]}]}},"jetpack_sharing_enabled":true,"_links":{"self":[{"href":"https:\/\/grisoni-vins.ch\/de\/wp-json\/wp\/v2\/pages\/29708"}],"collection":[{"href":"https:\/\/grisoni-vins.ch\/de\/wp-json\/wp\/v2\/pages"}],"about":[{"href":"https:\/\/grisoni-vins.ch\/de\/wp-json\/wp\/v2\/types\/page"}],"author":[{"embeddable":true,"href":"https:\/\/grisoni-vins.ch\/de\/wp-json\/wp\/v2\/users\/1"}],"replies":[{"embeddable":true,"href":"https:\/\/grisoni-vins.ch\/de\/wp-json\/wp\/v2\/comments?post=29708"}],"version-history":[{"count":5,"href":"https:\/\/grisoni-vins.ch\/de\/wp-json\/wp\/v2\/pages\/29708\/revisions"}],"predecessor-version":[{"id":29918,"href":"https:\/\/grisoni-vins.ch\/de\/wp-json\/wp\/v2\/pages\/29708\/revisions\/29918"}],"wp:attachment":[{"href":"https:\/\/grisoni-vins.ch\/de\/wp-json\/wp\/v2\/media?parent=29708"}],"curies":[{"name":"wp","href":"https:\/\/api.w.org\/{rel}","templated":true}]}}