{"id":29660,"date":"2020-12-01T11:59:04","date_gmt":"2020-12-01T10:59:04","guid":{"rendered":"https:\/\/grisoni-vins.ch\/die-domaine\/"},"modified":"2021-01-26T11:21:14","modified_gmt":"2021-01-26T10:21:14","slug":"die-domaine","status":"publish","type":"page","link":"https:\/\/grisoni-vins.ch\/de\/die-domaine\/","title":{"rendered":"Die Domaine"},"content":{"rendered":"<p>[vc_row equal_height=&#8220;yes&#8220; row_content_width=&#8220;grid&#8220;][vc_column width=&#8220;3\/5&#8243;]<div class=\"qodef-shortcode qodef-m  qodef-section-title qodef-alignment--left \">\n\t\t<h3 class=\"qodef-m-title\" >\n\t\tDie Geschichte\t\t<\/h3>\n\t\t<p class=\"qodef-m-subtitle\" >Die Leidenschaft f\u00fcr das \u00abTerroir\u00bb <\/p>\n\t<\/div>[vc_column_text]1937 legte Louis Grisoni den Grundstein zur langen Geschichte der FamilienDomaine. Er brannte f\u00fcr seine Idee und entschloss sich, nicht nur die Verantwortung f\u00fcr die Traubenqualit\u00e4t zu \u00fcbernehmen. Er war entschieden auch den Charakter seines Weines selbst zu bestimmen. Mit Leidenschaft \u00fcberzeugte er seine Winzerfreunde und Nachbarn f\u00fcr das Projekt. Heute wie damals kultivieren sie aus \u00dcberzeugung die Reben und \u00fcberlassen Grisoni mit Stolz die Traubenernte.<\/p>\n<p>In den 1950er Jahren setzte der Sohn Jacques, ein Unternehmer aus \u00dcberzeugung, seine ganze Energie in die Weiterentwicklung der Domaine. So erg\u00e4nzte er den Weinbau und die Weinkelterung mit dem Import und dem Handel ausl\u00e4ndischer Weine. Dieser T\u00e4tigkeit folgt Grisoni bis heute mit grosser Leidenschaft.<\/p>\n<p>Christian Jeanneret, der Schwiegersohn von Jacques Grisoni, trat 1980 die Nachfolge an und wagte einen grossen Schritt in die Zukunft. Er brach mit den<br \/>\nVorurteilen der Zeit, investierte in modernste Technologie und setzte erstmals in der Region auf eine lange Maischestandzeit f\u00fcr den Pinot Noir. Sein ambitioniertes Ziel war es, die k\u00f6nigliche Rebsorte in ihrer ganzen Vielschichtigkeit zu zeigen. Die Weine machten Furore und wurden mit Preisen und Medaillen ausgezeichnet.<\/p>\n<p>Nach 30 Jahren engagiertem Schaffen, ohne Nachfolge, \u00fcbergab Christian Jeanneret 2017 die Schl\u00fcssel des Weinguts voller Zuversicht seinem langj\u00e4hrigen Freund und Weinpartner Matthias Tobler.<\/p>\n<p>Heute liegt die Verantwortung f\u00fcr die Domaine in den H\u00e4nden zweier \u00abFremder\u00bb. Annie Rossi und Matthias Tobler respektieren die Werte der Natur. Sie leiten mit Gewissen, Liebe und viel Begeisterung die Geschicke des Unternehmens. Die menschlichen und technischen F\u00e4higkeiten sind Eckpfeiler ihres Handelns. Mit viel Respekt f\u00fcr die Tradition f\u00fchren sie Grisoni in die Zukunft. Das Thema \u00abTerroir\u00bb tragen sie weiter. Die Weine sprechen eine deutliche Sprache. Sie widerspiegeln die aussergew\u00f6hnliche Landschaft zwischen den beiden Juraseen.[\/vc_column_text][vc_empty_space height=&#8220;100px&#8220;][\/vc_column][vc_column width=&#8220;2\/5&#8243;][vc_single_image image=&#8220;29602&#8243; img_size=&#8220;full&#8220; alignment=&#8220;center&#8220;][\/vc_column][\/vc_row][vc_row row_content_width=&#8220;grid&#8220;][vc_column width=&#8220;2\/5&#8243;][vc_single_image image=&#8220;29599&#8243; img_size=&#8220;large&#8220;][\/vc_column][vc_column width=&#8220;3\/5&#8243;]<div class=\"qodef-shortcode qodef-m  qodef-section-title qodef-alignment--left \">\n\t\t<h3 class=\"qodef-m-title\" >\n\t\tDie Domaine\t\t<\/h3>\n\t\t<p class=\"qodef-m-subtitle\" >Domaine Grisoni<\/p>\n\t<\/div>[vc_column_text]Die Rebg\u00e4rten der Domaine Grisoni legen sich idyllisch \u00fcber die H\u00fcgel zwischen Bieler- und Neuenburgersee. Die B\u00f6den des Juras\u00fcdfusses sind vielschichtig: durchl\u00e4ssig, mehrheitlich kalkreich, teilweise aus altem Felsgestein und Molasse, aus Gletschermor\u00e4nen oder aus kiesigen Ablagerungen.<\/p>\n<p>Leicht s\u00fcdlicher als das Burgund gelegen, weist das Terroir der Region grosse \u00c4hnlichkeit mit dem ber\u00fchmten Weinbaugebiet auf. Die N\u00e4he des Sees spielt \u00fcberdies eine ausgleichende, mildernde Rolle.<\/p>\n<p>Die Domaine Grisoni kultiviert 12 Hektar Rebfl\u00e4che und kauft zus\u00e4tzlich die Ernte von 8 Hektar Traubengut verschiedener Winzer, allesamt Weinenthusiasten. Seit Generationen sind sie und ihre Familien mit dem Weingut verbunden.<\/p>\n<p>Auf einem Dutzend Parzellen kultiviert die Domaine Grisoni 7 unterschiedliche Rebsorten. W\u00e4hrend der Chasslas auf tiefen, sandigen B\u00f6den gedeiht, brilliert der Pinot Noir auf den Kalkb\u00f6den.<\/p>\n<p>Aus strategischen Gr\u00fcnden wurde die Kellerei in der N\u00e4he des Bahnhofs erbaut. Rollte doch der Wein in der Vergangenheit per Bahn an.[\/vc_column_text][vc_empty_space height=&#8220;100px&#8220;][\/vc_column][\/vc_row][vc_row row_content_width=&#8220;grid&#8220;][vc_column]<div class=\"qodef-shortcode qodef-m  qodef-section-title qodef-alignment--left \">\n\t\t<h3 class=\"qodef-m-title\" >\n\t\tPhilosophie\t\t<\/h3>\n\t\t<p class=\"qodef-m-subtitle\" >Unsere Werte &amp; unsere \u00dcberzeugung <\/p>\n\t<\/div>[vc_column_text]\u00ab Die Tradition baut auf Moderne \u00bb<\/p>\n<p>Mehr Leben zwischen den Rebzeilen! &#8211; Seit 2018 kultiviert die Domaine ihre Rebberge ohne Herbizide, ohne Pestizide oder andere synthetische Einsatzstoffe. Aus \u00dcberzeugung arbeiten die Winzer nach den Richtlinien f\u00fcr den biodynamischen Rebbau. So liefert die lokale Landwirtschaft D\u00fcnger wie z. B. kompostierter Viehmist. Kr\u00e4uterausz\u00fcge, Hornkiesels\u00e4ure etc. sind Teil der Rebpflege. Diese Arbeitsweise ist eine deutliche Botschaft hin zur Nachhaltigkeit als zukunftsweisendes Signal f\u00fcr die kommende Generation. Ein Weinberg mit hoher Biodiversit\u00e4t ist die Grundlage f\u00fcr beste Trauben und Terroirqualit\u00e4t.<\/p>\n<p>Auf den Grisoni-Parzellen geht die Rebe eine lebenswichtige Partnerschaft mit Pflanzen und Tieren ein. Die Pflege der Flora und Fauna ist evident. So stehen Bienenst\u00f6cke auf einer Parzelle und es bl\u00fcht eine seltene Blumenvielfalt.<\/p>\n<p>Diese Methode des Weinbaus erfordert ein feines Gesp\u00fcr. Genauigkeit, Beobachtungsgabe, Geduld, Erfahrung und grosse Flexibilit\u00e4t begleiten jeden Jahrgang aufs Neue.<\/p>\n<p>Im Keller gilt der Respekt vor der Traube. Aus der Verbindung von Tradition und Innovation entstehen Weine von aussergew\u00f6hnlicher Frucht, Frische und Finesse. Immer sind sie Ausdruck des Weinjahres, der Rebsorte und der Menschen.[\/vc_column_text][\/vc_column][\/vc_row]<\/p>\n","protected":false},"excerpt":{"rendered":"<p>[vc_row equal_height=&#8220;yes&#8220; row_content_width=&#8220;grid&#8220;][vc_column width=&#8220;3\/5&#8243;][vc_column_text]1937 legte Louis Grisoni den Grundstein zur langen Geschichte der FamilienDomaine. Er brannte f\u00fcr seine Idee und entschloss sich, nicht nur die Verantwortung f\u00fcr die Traubenqualit\u00e4t zu \u00fcbernehmen. Er war entschieden auch den Charakter seines Weines selbst zu bestimmen. Mit Leidenschaft \u00fcberzeugte er seine Winzerfreunde und Nachbarn f\u00fcr das Projekt. Heute wie [&hellip;]<\/p>\n","protected":false},"author":1,"featured_media":0,"parent":0,"menu_order":0,"comment_status":"closed","ping_status":"closed","template":"page-full-width.php","meta":{"_monsterinsights_skip_tracking":false,"_monsterinsights_sitenote_active":false,"_monsterinsights_sitenote_note":"","_monsterinsights_sitenote_category":0,"footnotes":""},"yoast_head":"<!-- This site is optimized with the Yoast SEO plugin v22.2 - https:\/\/yoast.com\/wordpress\/plugins\/seo\/ -->\n<title>Die Domaine - Domaine Grisoni<\/title>\n<meta name=\"robots\" content=\"index, follow, max-snippet:-1, max-image-preview:large, max-video-preview:-1\" \/>\n<link rel=\"canonical\" href=\"https:\/\/grisoni-vins.ch\/de\/die-domaine\/\" \/>\n<meta property=\"og:locale\" content=\"de_DE\" \/>\n<meta property=\"og:type\" content=\"article\" \/>\n<meta property=\"og:title\" content=\"Die Domaine - Domaine Grisoni\" \/>\n<meta property=\"og:description\" content=\"[vc_row equal_height=&#8220;yes&#8220; row_content_width=&#8220;grid&#8220;][vc_column width=&#8220;3\/5&#8243;][vc_column_text]1937 legte Louis Grisoni den Grundstein zur langen Geschichte der FamilienDomaine. Er brannte f\u00fcr seine Idee und entschloss sich, nicht nur die Verantwortung f\u00fcr die Traubenqualit\u00e4t zu \u00fcbernehmen. Er war entschieden auch den Charakter seines Weines selbst zu bestimmen. Mit Leidenschaft \u00fcberzeugte er seine Winzerfreunde und Nachbarn f\u00fcr das Projekt. Heute wie [&hellip;]\" \/>\n<meta property=\"og:url\" content=\"https:\/\/grisoni-vins.ch\/de\/die-domaine\/\" \/>\n<meta property=\"og:site_name\" content=\"Domaine Grisoni\" \/>\n<meta property=\"article:modified_time\" content=\"2021-01-26T10:21:14+00:00\" \/>\n<meta name=\"twitter:card\" content=\"summary_large_image\" \/>\n<meta name=\"twitter:label1\" content=\"Gesch\u00e4tzte Lesezeit\" \/>\n\t<meta name=\"twitter:data1\" content=\"3\u00a0Minuten\" \/>\n<script type=\"application\/ld+json\" class=\"yoast-schema-graph\">{\"@context\":\"https:\/\/schema.org\",\"@graph\":[{\"@type\":\"WebPage\",\"@id\":\"https:\/\/grisoni-vins.ch\/de\/die-domaine\/\",\"url\":\"https:\/\/grisoni-vins.ch\/de\/die-domaine\/\",\"name\":\"Die Domaine - Domaine Grisoni\",\"isPartOf\":{\"@id\":\"https:\/\/grisoni-vins.ch\/de\/#website\"},\"datePublished\":\"2020-12-01T10:59:04+00:00\",\"dateModified\":\"2021-01-26T10:21:14+00:00\",\"breadcrumb\":{\"@id\":\"https:\/\/grisoni-vins.ch\/de\/die-domaine\/#breadcrumb\"},\"inLanguage\":\"de\",\"potentialAction\":[{\"@type\":\"ReadAction\",\"target\":[\"https:\/\/grisoni-vins.ch\/de\/die-domaine\/\"]}]},{\"@type\":\"BreadcrumbList\",\"@id\":\"https:\/\/grisoni-vins.ch\/de\/die-domaine\/#breadcrumb\",\"itemListElement\":[{\"@type\":\"ListItem\",\"position\":1,\"name\":\"Accueil\",\"item\":\"https:\/\/grisoni-vins.ch\/de\/\"},{\"@type\":\"ListItem\",\"position\":2,\"name\":\"Die Domaine\"}]},{\"@type\":\"WebSite\",\"@id\":\"https:\/\/grisoni-vins.ch\/de\/#website\",\"url\":\"https:\/\/grisoni-vins.ch\/de\/\",\"name\":\"Domaine Grisoni\",\"description\":\"Vivre les vins d\u2019ici et d\u2019ailleurs\",\"publisher\":{\"@id\":\"https:\/\/grisoni-vins.ch\/de\/#organization\"},\"potentialAction\":[{\"@type\":\"SearchAction\",\"target\":{\"@type\":\"EntryPoint\",\"urlTemplate\":\"https:\/\/grisoni-vins.ch\/de\/?s={search_term_string}\"},\"query-input\":\"required name=search_term_string\"}],\"inLanguage\":\"de\"},{\"@type\":\"Organization\",\"@id\":\"https:\/\/grisoni-vins.ch\/de\/#organization\",\"name\":\"Domaine Grisoni SA\",\"url\":\"https:\/\/grisoni-vins.ch\/de\/\",\"logo\":{\"@type\":\"ImageObject\",\"inLanguage\":\"de\",\"@id\":\"https:\/\/grisoni-vins.ch\/de\/#\/schema\/logo\/image\/\",\"url\":\"https:\/\/grisoni-vins.ch\/wp-content\/uploads\/2020\/12\/Logo_domaine_grisoni_depuis_1973_EPS_moyen.jpg\",\"contentUrl\":\"https:\/\/grisoni-vins.ch\/wp-content\/uploads\/2020\/12\/Logo_domaine_grisoni_depuis_1973_EPS_moyen.jpg\",\"width\":350,\"height\":140,\"caption\":\"Domaine Grisoni SA\"},\"image\":{\"@id\":\"https:\/\/grisoni-vins.ch\/de\/#\/schema\/logo\/image\/\"},\"sameAs\":[\"https:\/\/www.instagram.com\/domainegrisoni\/\"]}]}<\/script>\n<!-- \/ Yoast SEO plugin. -->","yoast_head_json":{"title":"Die Domaine - Domaine Grisoni","robots":{"index":"index","follow":"follow","max-snippet":"max-snippet:-1","max-image-preview":"max-image-preview:large","max-video-preview":"max-video-preview:-1"},"canonical":"https:\/\/grisoni-vins.ch\/de\/die-domaine\/","og_locale":"de_DE","og_type":"article","og_title":"Die Domaine - Domaine Grisoni","og_description":"[vc_row equal_height=&#8220;yes&#8220; row_content_width=&#8220;grid&#8220;][vc_column width=&#8220;3\/5&#8243;][vc_column_text]1937 legte Louis Grisoni den Grundstein zur langen Geschichte der FamilienDomaine. Er brannte f\u00fcr seine Idee und entschloss sich, nicht nur die Verantwortung f\u00fcr die Traubenqualit\u00e4t zu \u00fcbernehmen. Er war entschieden auch den Charakter seines Weines selbst zu bestimmen. Mit Leidenschaft \u00fcberzeugte er seine Winzerfreunde und Nachbarn f\u00fcr das Projekt. Heute wie [&hellip;]","og_url":"https:\/\/grisoni-vins.ch\/de\/die-domaine\/","og_site_name":"Domaine Grisoni","article_modified_time":"2021-01-26T10:21:14+00:00","twitter_card":"summary_large_image","twitter_misc":{"Gesch\u00e4tzte Lesezeit":"3\u00a0Minuten"},"schema":{"@context":"https:\/\/schema.org","@graph":[{"@type":"WebPage","@id":"https:\/\/grisoni-vins.ch\/de\/die-domaine\/","url":"https:\/\/grisoni-vins.ch\/de\/die-domaine\/","name":"Die Domaine - Domaine Grisoni","isPartOf":{"@id":"https:\/\/grisoni-vins.ch\/de\/#website"},"datePublished":"2020-12-01T10:59:04+00:00","dateModified":"2021-01-26T10:21:14+00:00","breadcrumb":{"@id":"https:\/\/grisoni-vins.ch\/de\/die-domaine\/#breadcrumb"},"inLanguage":"de","potentialAction":[{"@type":"ReadAction","target":["https:\/\/grisoni-vins.ch\/de\/die-domaine\/"]}]},{"@type":"BreadcrumbList","@id":"https:\/\/grisoni-vins.ch\/de\/die-domaine\/#breadcrumb","itemListElement":[{"@type":"ListItem","position":1,"name":"Accueil","item":"https:\/\/grisoni-vins.ch\/de\/"},{"@type":"ListItem","position":2,"name":"Die Domaine"}]},{"@type":"WebSite","@id":"https:\/\/grisoni-vins.ch\/de\/#website","url":"https:\/\/grisoni-vins.ch\/de\/","name":"Domaine Grisoni","description":"Vivre les vins d\u2019ici et d\u2019ailleurs","publisher":{"@id":"https:\/\/grisoni-vins.ch\/de\/#organization"},"potentialAction":[{"@type":"SearchAction","target":{"@type":"EntryPoint","urlTemplate":"https:\/\/grisoni-vins.ch\/de\/?s={search_term_string}"},"query-input":"required name=search_term_string"}],"inLanguage":"de"},{"@type":"Organization","@id":"https:\/\/grisoni-vins.ch\/de\/#organization","name":"Domaine Grisoni SA","url":"https:\/\/grisoni-vins.ch\/de\/","logo":{"@type":"ImageObject","inLanguage":"de","@id":"https:\/\/grisoni-vins.ch\/de\/#\/schema\/logo\/image\/","url":"https:\/\/grisoni-vins.ch\/wp-content\/uploads\/2020\/12\/Logo_domaine_grisoni_depuis_1973_EPS_moyen.jpg","contentUrl":"https:\/\/grisoni-vins.ch\/wp-content\/uploads\/2020\/12\/Logo_domaine_grisoni_depuis_1973_EPS_moyen.jpg","width":350,"height":140,"caption":"Domaine Grisoni SA"},"image":{"@id":"https:\/\/grisoni-vins.ch\/de\/#\/schema\/logo\/image\/"},"sameAs":["https:\/\/www.instagram.com\/domainegrisoni\/"]}]}},"jetpack_sharing_enabled":true,"_links":{"self":[{"href":"https:\/\/grisoni-vins.ch\/de\/wp-json\/wp\/v2\/pages\/29660"}],"collection":[{"href":"https:\/\/grisoni-vins.ch\/de\/wp-json\/wp\/v2\/pages"}],"about":[{"href":"https:\/\/grisoni-vins.ch\/de\/wp-json\/wp\/v2\/types\/page"}],"author":[{"embeddable":true,"href":"https:\/\/grisoni-vins.ch\/de\/wp-json\/wp\/v2\/users\/1"}],"replies":[{"embeddable":true,"href":"https:\/\/grisoni-vins.ch\/de\/wp-json\/wp\/v2\/comments?post=29660"}],"version-history":[{"count":21,"href":"https:\/\/grisoni-vins.ch\/de\/wp-json\/wp\/v2\/pages\/29660\/revisions"}],"predecessor-version":[{"id":29920,"href":"https:\/\/grisoni-vins.ch\/de\/wp-json\/wp\/v2\/pages\/29660\/revisions\/29920"}],"wp:attachment":[{"href":"https:\/\/grisoni-vins.ch\/de\/wp-json\/wp\/v2\/media?parent=29660"}],"curies":[{"name":"wp","href":"https:\/\/api.w.org\/{rel}","templated":true}]}}